{"id":9152,"date":"2017-10-02T16:05:47","date_gmt":"2017-10-02T14:05:47","guid":{"rendered":"https:\/\/soldebienska.pl\/about-the-company\/"},"modified":"2025-09-03T12:33:53","modified_gmt":"2025-09-03T10:33:53","slug":"about-the-company","status":"publish","type":"page","link":"https:\/\/soldebienska.pl\/en\/about-the-company\/","title":{"rendered":"About the company"},"content":{"rendered":"\t\t<div data-elementor-type=\"wp-page\" data-elementor-id=\"9152\" class=\"elementor elementor-9152 elementor-8048\" data-elementor-post-type=\"page\">\n\t\t\t\t<div class=\"elementor-element elementor-element-f19a5d e-flex e-con-boxed sc_inner_width_none sc_layouts_column_icons_position_left e-con e-parent\" data-id=\"f19a5d\" data-element_type=\"container\" data-e-type=\"container\">\n\t\t\t\t\t<div class=\"e-con-inner\">\n\t\t\t\t<div class=\"elementor-element elementor-element-1ad3dd7 sc_fly_static elementor-widget elementor-widget-heading\" data-id=\"1ad3dd7\" data-element_type=\"widget\" data-e-type=\"widget\" data-widget_type=\"heading.default\">\n\t\t\t\t<div class=\"elementor-widget-container\">\n\t\t\t\t\t<h1 class=\"elementor-heading-title elementor-size-default\">About the company<\/h1>\t\t\t\t<\/div>\n\t\t\t\t<\/div>\n\t\t\t\t\t<\/div>\n\t\t\t\t<\/div>\n\t\t<div class=\"elementor-element elementor-element-807430e e-flex e-con-boxed sc_inner_width_none sc_layouts_column_icons_position_left e-con e-parent\" data-id=\"807430e\" data-element_type=\"container\" data-e-type=\"container\">\n\t\t\t\t\t<div class=\"e-con-inner\">\n\t\t<div class=\"elementor-element elementor-element-87d1d06 e-con-full e-flex sc_inner_width_none sc_layouts_column_icons_position_left e-con e-child\" data-id=\"87d1d06\" data-element_type=\"container\" data-e-type=\"container\">\n\t\t\t\t<div class=\"elementor-element elementor-element-7fef2ce sc_fly_static elementor-widget elementor-widget-text-editor\" data-id=\"7fef2ce\" data-element_type=\"widget\" data-e-type=\"widget\" data-widget_type=\"text-editor.default\">\n\t\t\t\t<div class=\"elementor-widget-container\">\n\t\t\t\t\t\t\t\t\t<div id=\"ultimate-heading-9447654e89ac372d3\" class=\"uvc-heading ult-adjust-bottom-margin ultimate-heading-9447654e89ac372d3 uvc-1547 \" data-hspacer=\"no_spacer\" data-halign=\"center\"><div class=\"uvc-main-heading ult-responsive\" data-ultimate-target=\".uvc-heading.ultimate-heading-9447654e89ac372d3 h2\" data-responsive-json-new=\"{\"font-size\":\"\",\"line-height\":\"\"}\"><h3>History of the plant<\/h3><\/div><\/div><div class=\"wpb_text_column wpb_content_element \"><div class=\"wpb_wrapper\"><p>As of 01\/07\/2015. There was a merger of &#8220;Desalination Plant D\u0119bie\u0144sko&#8221; Sp. z o.o. with Przedsi\u0119biorstwo Gospodarki Wodnej i Rekultywacji S.A.<br>Thus, as part of the Jastrz\u0119bska Sp\u00f3\u0142ka W\u0119glowa S.A. Capital Group, we can offer you high-quality food-grade brewed salt under a new trade name &#8211; D\u0119bie\u0144ska Salt.<\/p><p><img decoding=\"async\" class=\"aligncenter size-medium wp-image-7\" src=\"https:\/\/soldebienska.pl\/wp-content\/uploads\/2017\/10\/logo-300x78.png\" sizes=\"(max-width: 300px) 100vw, 300px\" srcset=\"https:\/\/soldebienska.pl\/wp-content\/uploads\/2017\/10\/logo-300x78.png 300w, https:\/\/soldebienska.pl\/wp-content\/uploads\/2017\/10\/logo.png 307w\" alt=\"\" width=\"300\" height=\"78\"><\/p><p>The history of Debien Salt dates back to 1974. Salt production is carried out through a process of desalination of the highest quality brine, available at depths of up to 1,200 meters. The salt brewing process is based on technology developed in the United States and Sweden. Our rich, 40 years of experience allows us to provide you with food-grade brewed salt of the highest quality. In 2018, D\u0119bie\u0144ska Salt received a Certificate of Quality and the title of<strong> TOP PRODUCT<\/strong>, as well as the promotional emblem <strong>Doce\u0144 Polskie\u00ae<\/strong>. We operate as part of the Jastrz\u0119bska Sp\u00f3\u0142ka W\u0119glowa S.A. Capital Group.<\/p><p> <\/p><\/div><\/div><div id=\"ultimate-heading-6059654e89ac377cf\" class=\"uvc-heading ult-adjust-bottom-margin ultimate-heading-6059654e89ac377cf uvc-2519 \" data-hspacer=\"no_spacer\" data-halign=\"center\"><div class=\"uvc-heading-spacer no_spacer\"><span style=\"color: #1d1d1d; font-family: Montserrat, sans-serif; font-size: 2.3571em; letter-spacing: -0.3px;\">Technological process<\/span><\/div><\/div><div class=\"wpb_text_column wpb_content_element \"><div class=\"wpb_wrapper\"><p>The brines in the first phase are purified by multi-stage filtration. Then the process of brine concentration is implemented using reverse osmosis filters (RO plant). This step achieves a twofold reduction in brine with a doubling of the salt concentration. The concentrated brine is subjected to an evaporation process, followed by crystallization and drying (RCC plant).<\/p><p>As a result of the implemented process, the discharge into the Bierawka River of highly saline waters pumped from mining areas is avoided, while high-quality brewed salt is obtained. The salt has been certified as food grade salt, approved for commercial trade, by the National Institute of Hygiene and the State Sanitary Inspector.<\/p><p>The salt produced as standard contains 99.4% NaCl.<\/p><p>The technological process used by the company allows the product to retain desirable trace elements and minerals such as magnesium and calcium in its composition. Consistent granulation and low moisture levels eliminate the need for anti-caking agents without affecting the length of product storage.<\/p><\/div><\/div>\t\t\t\t\t\t\t\t<\/div>\n\t\t\t\t<\/div>\n\t\t\t\t<div class=\"elementor-element elementor-element-3cf5e74 sc_fly_static elementor-widget elementor-widget-video\" data-id=\"3cf5e74\" data-element_type=\"widget\" data-e-type=\"widget\" data-settings=\"{&quot;youtube_url&quot;:&quot;https:\\\/\\\/youtu.be\\\/lOrqlVC7noI&quot;,&quot;video_type&quot;:&quot;youtube&quot;,&quot;controls&quot;:&quot;yes&quot;}\" data-widget_type=\"video.default\">\n\t\t\t\t<div class=\"elementor-widget-container\">\n\t\t\t\t\t\t\t<div class=\"elementor-wrapper elementor-open-inline\">\n\t\t\t<div class=\"elementor-video\"><\/div>\t\t<\/div>\n\t\t\t\t\t\t<\/div>\n\t\t\t\t<\/div>\n\t\t\t\t<div class=\"elementor-element elementor-element-eb76eb5 sc_fly_static elementor-widget elementor-widget-text-editor\" data-id=\"eb76eb5\" data-element_type=\"widget\" data-e-type=\"widget\" data-widget_type=\"text-editor.default\">\n\t\t\t\t<div class=\"elementor-widget-container\">\n\t\t\t\t\t\t\t\t\t<div id=\"ultimate-heading-4035654e89ac383db\" class=\"uvc-heading ult-adjust-bottom-margin ultimate-heading-4035654e89ac383db uvc-4146 \" data-hspacer=\"no_spacer\" data-halign=\"center\"><div class=\"uvc-main-heading ult-responsive\" data-ultimate-target=\".uvc-heading.ultimate-heading-4035654e89ac383db h2\" data-responsive-json-new=\"{\"font-size\":\"\",\"line-height\":\"\"}\"><h3>Product offering<\/h3><\/div><\/div><div class=\"wpb_text_column wpb_content_element \"><div class=\"wpb_wrapper\"><p>The company produces food grade, iodized and non-iodized salt in 25 kg and 1000 kg packages.  <br>Salt dust is also produced from salt. The company has also recently introduced a high-quality <a href=\"https:\/\/soldebienska.pl\/en\/road-brine\/\">road brine<\/a> with very good performance characteristics.<\/p><\/div><\/div>\t\t\t\t\t\t\t\t<\/div>\n\t\t\t\t<\/div>\n\t\t\t\t<\/div>\n\t\t<div class=\"elementor-element elementor-element-1c3f2e3 e-con-full e-flex sc_inner_width_none sc_layouts_column_icons_position_left e-con e-child\" data-id=\"1c3f2e3\" data-element_type=\"container\" data-e-type=\"container\">\n\t\t\t\t<div class=\"elementor-element elementor-element-bc8978b sc_fly_static elementor-widget elementor-widget-image\" data-id=\"bc8978b\" data-element_type=\"widget\" data-e-type=\"widget\" data-widget_type=\"image.default\">\n\t\t\t\t<div class=\"elementor-widget-container\">\n\t\t\t\t\t\t\t\t\t\t\t\t\t\t\t<img fetchpriority=\"high\" decoding=\"async\" width=\"1024\" height=\"678\" src=\"https:\/\/soldebienska.pl\/wp-content\/uploads\/2017\/10\/DSC3642-1024x678.jpg\" class=\"attachment-large size-large wp-image-8994\" alt=\"\" srcset=\"https:\/\/soldebienska.pl\/wp-content\/uploads\/2017\/10\/DSC3642-1024x678.jpg 1024w, https:\/\/soldebienska.pl\/wp-content\/uploads\/2017\/10\/DSC3642-600x398.jpg 600w, https:\/\/soldebienska.pl\/wp-content\/uploads\/2017\/10\/DSC3642-300x199.jpg 300w, https:\/\/soldebienska.pl\/wp-content\/uploads\/2017\/10\/DSC3642-768x509.jpg 768w, https:\/\/soldebienska.pl\/wp-content\/uploads\/2017\/10\/DSC3642.jpg 1920w\" sizes=\"(max-width: 1024px) 100vw, 1024px\" \/>\t\t\t\t\t\t\t\t\t\t\t\t\t\t\t<\/div>\n\t\t\t\t<\/div>\n\t\t\t\t<div class=\"elementor-element elementor-element-1a0c63b sc_fly_static elementor-widget elementor-widget-image\" data-id=\"1a0c63b\" data-element_type=\"widget\" data-e-type=\"widget\" data-widget_type=\"image.default\">\n\t\t\t\t<div class=\"elementor-widget-container\">\n\t\t\t\t\t\t\t\t\t\t\t\t\t\t\t<img decoding=\"async\" width=\"768\" height=\"509\" src=\"https:\/\/soldebienska.pl\/wp-content\/uploads\/2017\/10\/DSC3586-768x509.jpg\" class=\"attachment-medium_large size-medium_large wp-image-8991\" alt=\"\" srcset=\"https:\/\/soldebienska.pl\/wp-content\/uploads\/2017\/10\/DSC3586-768x509.jpg 768w, https:\/\/soldebienska.pl\/wp-content\/uploads\/2017\/10\/DSC3586-600x398.jpg 600w, https:\/\/soldebienska.pl\/wp-content\/uploads\/2017\/10\/DSC3586-300x199.jpg 300w, https:\/\/soldebienska.pl\/wp-content\/uploads\/2017\/10\/DSC3586-1024x678.jpg 1024w, https:\/\/soldebienska.pl\/wp-content\/uploads\/2017\/10\/DSC3586.jpg 1920w\" sizes=\"(max-width: 768px) 100vw, 768px\" \/>\t\t\t\t\t\t\t\t\t\t\t\t\t\t\t<\/div>\n\t\t\t\t<\/div>\n\t\t\t\t<div class=\"elementor-element elementor-element-944ec26 sc_fly_static elementor-widget elementor-widget-image\" data-id=\"944ec26\" data-element_type=\"widget\" data-e-type=\"widget\" data-widget_type=\"image.default\">\n\t\t\t\t<div class=\"elementor-widget-container\">\n\t\t\t\t\t\t\t\t\t\t\t\t\t\t\t<img loading=\"lazy\" decoding=\"async\" width=\"768\" height=\"509\" src=\"https:\/\/soldebienska.pl\/wp-content\/uploads\/2017\/10\/DSC3617-768x509.jpg\" class=\"attachment-medium_large size-medium_large wp-image-8993\" alt=\"\" srcset=\"https:\/\/soldebienska.pl\/wp-content\/uploads\/2017\/10\/DSC3617-768x509.jpg 768w, https:\/\/soldebienska.pl\/wp-content\/uploads\/2017\/10\/DSC3617-600x398.jpg 600w, https:\/\/soldebienska.pl\/wp-content\/uploads\/2017\/10\/DSC3617-300x199.jpg 300w, https:\/\/soldebienska.pl\/wp-content\/uploads\/2017\/10\/DSC3617-1024x678.jpg 1024w, https:\/\/soldebienska.pl\/wp-content\/uploads\/2017\/10\/DSC3617.jpg 1920w\" sizes=\"(max-width: 768px) 100vw, 768px\" \/>\t\t\t\t\t\t\t\t\t\t\t\t\t\t\t<\/div>\n\t\t\t\t<\/div>\n\t\t\t\t<div class=\"elementor-element elementor-element-44178ae sc_fly_static elementor-widget elementor-widget-image\" data-id=\"44178ae\" data-element_type=\"widget\" data-e-type=\"widget\" data-widget_type=\"image.default\">\n\t\t\t\t<div class=\"elementor-widget-container\">\n\t\t\t\t\t\t\t\t\t\t\t\t\t\t\t<img loading=\"lazy\" decoding=\"async\" width=\"768\" height=\"509\" src=\"https:\/\/soldebienska.pl\/wp-content\/uploads\/2017\/10\/DSC3655-768x509.jpg\" class=\"attachment-medium_large size-medium_large wp-image-9007\" alt=\"\" srcset=\"https:\/\/soldebienska.pl\/wp-content\/uploads\/2017\/10\/DSC3655-768x509.jpg 768w, https:\/\/soldebienska.pl\/wp-content\/uploads\/2017\/10\/DSC3655-600x398.jpg 600w, https:\/\/soldebienska.pl\/wp-content\/uploads\/2017\/10\/DSC3655-300x199.jpg 300w, https:\/\/soldebienska.pl\/wp-content\/uploads\/2017\/10\/DSC3655-1024x678.jpg 1024w, https:\/\/soldebienska.pl\/wp-content\/uploads\/2017\/10\/DSC3655.jpg 1920w\" sizes=\"(max-width: 768px) 100vw, 768px\" \/>\t\t\t\t\t\t\t\t\t\t\t\t\t\t\t<\/div>\n\t\t\t\t<\/div>\n\t\t\t\t<\/div>\n\t\t\t\t\t<\/div>\n\t\t\t\t<\/div>\n\t\t\t\t<\/div>\n\t\t","protected":false},"excerpt":{"rendered":"<p>About the company History of the plant As of 01\/07\/2015. There was a merger of &#8220;Desalination Plant D\u0119bie\u0144sko&#8221; Sp. z o.o. with Przedsi\u0119biorstwo Gospodarki Wodnej i Rekultywacji S.A.Thus, as part&hellip;<\/p>\n","protected":false},"author":1,"featured_media":0,"parent":0,"menu_order":0,"comment_status":"closed","ping_status":"closed","template":"","meta":{"footnotes":""},"class_list":["post-9152","page","type-page","status-publish","hentry"],"_links":{"self":[{"href":"https:\/\/soldebienska.pl\/en\/wp-json\/wp\/v2\/pages\/9152","targetHints":{"allow":["GET"]}}],"collection":[{"href":"https:\/\/soldebienska.pl\/en\/wp-json\/wp\/v2\/pages"}],"about":[{"href":"https:\/\/soldebienska.pl\/en\/wp-json\/wp\/v2\/types\/page"}],"author":[{"embeddable":true,"href":"https:\/\/soldebienska.pl\/en\/wp-json\/wp\/v2\/users\/1"}],"replies":[{"embeddable":true,"href":"https:\/\/soldebienska.pl\/en\/wp-json\/wp\/v2\/comments?post=9152"}],"version-history":[{"count":4,"href":"https:\/\/soldebienska.pl\/en\/wp-json\/wp\/v2\/pages\/9152\/revisions"}],"predecessor-version":[{"id":9659,"href":"https:\/\/soldebienska.pl\/en\/wp-json\/wp\/v2\/pages\/9152\/revisions\/9659"}],"wp:attachment":[{"href":"https:\/\/soldebienska.pl\/en\/wp-json\/wp\/v2\/media?parent=9152"}],"curies":[{"name":"wp","href":"https:\/\/api.w.org\/{rel}","templated":true}]}}