{"id":9157,"date":"2016-04-05T09:20:22","date_gmt":"2016-04-05T07:20:22","guid":{"rendered":"https:\/\/soldebienska.pl\/contact\/"},"modified":"2024-12-30T13:03:37","modified_gmt":"2024-12-30T12:03:37","slug":"contact","status":"publish","type":"page","link":"https:\/\/soldebienska.pl\/en\/contact\/","title":{"rendered":"Contact"},"content":{"rendered":"\t\t<div data-elementor-type=\"wp-page\" data-elementor-id=\"9157\" class=\"elementor elementor-9157 elementor-5286\" data-elementor-post-type=\"page\">\n\t\t\t\t<div class=\"elementor-element elementor-element-785f7a0a e-flex e-con-boxed sc_inner_width_none sc_layouts_column_icons_position_left e-con e-parent\" data-id=\"785f7a0a\" data-element_type=\"container\" data-e-type=\"container\">\n\t\t\t\t\t<div class=\"e-con-inner\">\n\t\t\t\t<div class=\"elementor-element elementor-element-74f5153 sc_fly_static elementor-widget elementor-widget-heading\" data-id=\"74f5153\" data-element_type=\"widget\" data-e-type=\"widget\" data-widget_type=\"heading.default\">\n\t\t\t\t<div class=\"elementor-widget-container\">\n\t\t\t\t\t<h2 class=\"elementor-heading-title elementor-size-default\">Contact<\/h2>\t\t\t\t<\/div>\n\t\t\t\t<\/div>\n\t\t\t\t\t<\/div>\n\t\t\t\t<\/div>\n\t\t<div class=\"elementor-element elementor-element-c72ae25 e-flex e-con-boxed sc_inner_width_none sc_layouts_column_icons_position_left e-con e-parent\" data-id=\"c72ae25\" data-element_type=\"container\" data-e-type=\"container\">\n\t\t\t\t\t<div class=\"e-con-inner\">\n\t\t<div class=\"elementor-element elementor-element-adb494f e-con-full e-flex sc_inner_width_none sc_layouts_column_icons_position_left e-con e-child\" data-id=\"adb494f\" data-element_type=\"container\" data-e-type=\"container\">\n\t\t\t\t<div class=\"elementor-element elementor-element-61c00c8f sc_fly_static elementor-widget elementor-widget-text-editor\" data-id=\"61c00c8f\" data-element_type=\"widget\" data-e-type=\"widget\" data-widget_type=\"text-editor.default\">\n\t\t\t\t<div class=\"elementor-widget-container\">\n\t\t\t\t\t\t\t\t\t<p><strong>Production facility<\/strong><\/p>\n<div class=\"wpb_text_column wpb_content_element \">\n<div class=\"wpb_wrapper\">\n<p><strong>Sales, Logistics and Marketing Department<br>PGWiR S.A.&nbsp;<\/strong><\/p>\n<p>44-230 Czerwionka-Leszczyny<br>ul. M\u0142y\u0144ska 24<br>tel:<a href=\"tel:+48324270280\">+48 32 427 02 80<\/a><br>or<a href=\"tel:+48324270278\">+48 32 427 02 78<\/a><\/p>\n<p><strong>Sales representatives:<\/strong><\/p>\n<p><strong><em>G\u00f3recki Marcin<\/em><\/strong><br>tel:<a href=\"tel:+48882436259\">+48 882 436 259<\/a><br>e-mail: margorecki@pgwir.pl<br>Area served: eastern Poland and southern part of woj. voivodeship<br><em>Responsible for the area of the provinces&nbsp;ma\u0142opolskie, podkarpackie, \u015bwi\u0119tokrzyskie, lubelskie, mazowieckie, podlaskie and warmi\u0144sko-mazurskie&nbsp; and the southern part of the \u015bl\u0105skie voivodeship<\/em><\/p>\n<p><b><em>Brodowiak \u0141ukasz<\/em><br><\/b>tel:<a href=\"tel:+48882436258\">+48 882 436 258<\/a><br>e-mail: lbrodowiak@pgwir.pl<br>Area served: Western Poland and the northern part of woj. voivodeship.<br><em>Responsible for the area of the provinces of Opole, Lower Silesia,Lubuskie, Greater Poland, \u0141\u00f3d\u017a, Kuyavian-Pomeranian, West Pomeranian and Pomeranian, as well as the northern part of the \u015bl\u0105skie voivodeship<\/em><\/p>\n<p><strong>Customer Service<\/strong><\/p>\n<p style=\"font-weight: 400;\">e-mail:&nbsp;dzialhandlowy@pgwir.pl<br>tel. ext: 241,<br>tel. ext: 231,<br>cell phones:<br><strong><em>Iwona Bieniasz: <\/em><a href=\"tel:+48532792630\">+48&nbsp;<\/a> 532<a href=\"tel:+48532792630\">&nbsp;792&nbsp;630&nbsp;<\/a><em><br>Jadwiga Skurn\u00f3g<\/em>:&nbsp;<a href=\"tel:+48725201110\">+48 725 201 110<\/a><\/strong><\/p>\n<p><strong>PGWiR S.A. Headquarters:<br><\/strong>ul. Chlebowa 22<br>44-335 Jastrz\u0119bie-Zdr\u00f3j<\/p>\n<\/div>\n<\/div>\t\t\t\t\t\t\t\t<\/div>\n\t\t\t\t<\/div>\n\t\t\t\t<\/div>\n\t\t<div class=\"elementor-element elementor-element-7e3a7c2 e-con-full e-flex sc_inner_width_none sc_layouts_column_icons_position_left e-con e-child\" data-id=\"7e3a7c2\" data-element_type=\"container\" data-e-type=\"container\">\n\t\t\t\t<div class=\"elementor-element elementor-element-e08e207 sc_fly_static elementor-widget elementor-widget-google_maps\" data-id=\"e08e207\" data-element_type=\"widget\" data-e-type=\"widget\" data-widget_type=\"google_maps.default\">\n\t\t\t\t<div class=\"elementor-widget-container\">\n\t\t\t\t\t\t\t<div class=\"elementor-custom-embed\">\n\t\t\t<iframe loading=\"lazy\"\n\t\t\t\t\tsrc=\"https:\/\/maps.google.com\/maps?q=Mly%C5%84ska%2024%2C%20Czerwionka%20Leszczyny&#038;t=m&#038;z=12&#038;output=embed&#038;iwloc=near\"\n\t\t\t\t\ttitle=\"Mly\u0144ska 24, Czerwionka Leszczyny\"\n\t\t\t\t\taria-label=\"Mly\u0144ska 24, Czerwionka Leszczyny\"\n\t\t\t><\/iframe>\n\t\t<\/div>\n\t\t\t\t\t\t<\/div>\n\t\t\t\t<\/div>\n\t\t\t\t<div class=\"elementor-element elementor-element-f5cfc90 sc_fly_static elementor-widget elementor-widget-heading\" data-id=\"f5cfc90\" data-element_type=\"widget\" data-e-type=\"widget\" data-widget_type=\"heading.default\">\n\t\t\t\t<div class=\"elementor-widget-container\">\n\t\t\t\t\t<h3 class=\"elementor-heading-title elementor-size-default\">Contact form<\/h3>\t\t\t\t<\/div>\n\t\t\t\t<\/div>\n\t\t\t\t<div class=\"elementor-element elementor-element-a1d685a elementor-button-align-center sc_fly_static elementor-widget elementor-widget-form\" data-id=\"a1d685a\" data-element_type=\"widget\" data-e-type=\"widget\" data-settings=\"{&quot;step_next_label&quot;:&quot;Next&quot;,&quot;step_previous_label&quot;:&quot;Previous&quot;,&quot;button_width&quot;:&quot;100&quot;,&quot;step_type&quot;:&quot;number_text&quot;,&quot;step_icon_shape&quot;:&quot;circle&quot;}\" data-widget_type=\"form.default\">\n\t\t\t\t<div class=\"elementor-widget-container\">\n\t\t\t\t\t\t\t<form class=\"elementor-form\" method=\"post\" name=\"Contact\" aria-label=\"Contact\">\n\t\t\t<input type=\"hidden\" name=\"post_id\" value=\"9157\"\/>\n\t\t\t<input type=\"hidden\" name=\"form_id\" value=\"a1d685a\"\/>\n\t\t\t<input type=\"hidden\" name=\"referer_title\" value=\"Contact - S\u00f3l D\u0119bie\u0144ska\" \/>\n\n\t\t\t\t\t\t\t<input type=\"hidden\" name=\"queried_id\" value=\"9157\"\/>\n\t\t\t\n\t\t\t<div class=\"elementor-form-fields-wrapper elementor-labels-above\">\n\t\t\t\t\t\t\t\t<div class=\"elementor-field-type-text elementor-field-group elementor-column elementor-field-group-name elementor-col-100\">\n\t\t\t\t\t\t\t\t\t\t\t\t<label for=\"form-field-name\" class=\"elementor-field-label\">\n\t\t\t\t\t\t\t\tName \/ company name\t\t\t\t\t\t\t<\/label>\n\t\t\t\t\t\t\t\t\t\t\t\t\t\t<input size=\"1\" type=\"text\" name=\"form_fields[name]\" id=\"form-field-name\" class=\"elementor-field elementor-size-sm  elementor-field-textual\">\n\t\t\t\t\t\t\t\t\t\t\t<\/div>\n\t\t\t\t\t\t\t\t<div class=\"elementor-field-type-email elementor-field-group elementor-column elementor-field-group-email elementor-col-100 elementor-field-required elementor-mark-required\">\n\t\t\t\t\t\t\t\t\t\t\t\t<label for=\"form-field-email\" class=\"elementor-field-label\">\n\t\t\t\t\t\t\t\tE-mail\t\t\t\t\t\t\t<\/label>\n\t\t\t\t\t\t\t\t\t\t\t\t\t\t<input size=\"1\" type=\"email\" name=\"form_fields[email]\" id=\"form-field-email\" class=\"elementor-field elementor-size-sm  elementor-field-textual\" placeholder=\"Email\" required=\"required\">\n\t\t\t\t\t\t\t\t\t\t\t<\/div>\n\t\t\t\t\t\t\t\t<div class=\"elementor-field-type-textarea elementor-field-group elementor-column elementor-field-group-message elementor-col-100 elementor-field-required elementor-mark-required\">\n\t\t\t\t\t\t\t\t\t\t\t\t<label for=\"form-field-message\" class=\"elementor-field-label\">\n\t\t\t\t\t\t\t\tContent of the question\t\t\t\t\t\t\t<\/label>\n\t\t\t\t\t\t<textarea class=\"elementor-field-textual elementor-field  elementor-size-sm\" name=\"form_fields[message]\" id=\"form-field-message\" rows=\"4\" required=\"required\"><\/textarea>\t\t\t\t<\/div>\n\t\t\t\t\t\t\t\t<div class=\"elementor-field-type-acceptance elementor-field-group elementor-column elementor-field-group-field_9834ae2 elementor-col-100 elementor-field-required elementor-mark-required\">\n\t\t\t\t\t\t\t\t\t\t\t\t<label for=\"form-field-field_9834ae2\" class=\"elementor-field-label\">\n\t\t\t\t\t\t\t\tConsent to data processing\t\t\t\t\t\t\t<\/label>\n\t\t\t\t\t\t\t\t<div class=\"elementor-field-subgroup\">\n\t\t\t<span class=\"elementor-field-option\">\n\t\t\t\t<input type=\"checkbox\" name=\"form_fields[field_9834ae2]\" id=\"form-field-field_9834ae2\" class=\"elementor-field elementor-size-sm  elementor-acceptance-field\" required=\"required\">\n\t\t\t\t<label for=\"form-field-field_9834ae2\">I agree to the processing of the posted personal data by Przedsi\u0119biorstwo Gospodarki Wodnej i Rekultywacji S.A. to the extent necessary to handle the request.<\/label>\t\t\t<\/span>\n\t\t<\/div>\n\t\t\t\t\t\t<\/div>\n\t\t\t\t\t\t\t\t<div class=\"elementor-field-group elementor-column elementor-field-type-submit elementor-col-100 e-form__buttons\">\n\t\t\t\t\t<button class=\"elementor-button elementor-size-sm\" type=\"submit\">\n\t\t\t\t\t\t<span class=\"elementor-button-content-wrapper\">\n\t\t\t\t\t\t\t\t\t\t\t\t\t\t\t\t\t\t\t\t\t\t<span class=\"elementor-button-text\">Send<\/span>\n\t\t\t\t\t\t\t\t\t\t\t\t\t<\/span>\n\t\t\t\t\t<\/button>\n\t\t\t\t<\/div>\n\t\t\t<\/div>\n\t\t<\/form>\n\t\t\t\t\t\t<\/div>\n\t\t\t\t<\/div>\n\t\t\t\t<\/div>\n\t\t\t\t\t<\/div>\n\t\t\t\t<\/div>\n\t\t\t\t<\/div>\n\t\t","protected":false},"excerpt":{"rendered":"<p>Contact Production facility Sales, Logistics and Marketing DepartmentPGWiR S.A.&nbsp; 44-230 Czerwionka-Leszczynyul. M\u0142y\u0144ska 24tel:+48 32 427 02 80or+48 32 427 02 78 Sales representatives: G\u00f3recki Marcintel:+48 882 436 259e-mail: margorecki@pgwir.plArea served:&hellip;<\/p>\n","protected":false},"author":1,"featured_media":0,"parent":0,"menu_order":0,"comment_status":"closed","ping_status":"closed","template":"","meta":{"footnotes":""},"class_list":["post-9157","page","type-page","status-publish","hentry"],"_links":{"self":[{"href":"https:\/\/soldebienska.pl\/en\/wp-json\/wp\/v2\/pages\/9157","targetHints":{"allow":["GET"]}}],"collection":[{"href":"https:\/\/soldebienska.pl\/en\/wp-json\/wp\/v2\/pages"}],"about":[{"href":"https:\/\/soldebienska.pl\/en\/wp-json\/wp\/v2\/types\/page"}],"author":[{"embeddable":true,"href":"https:\/\/soldebienska.pl\/en\/wp-json\/wp\/v2\/users\/1"}],"replies":[{"embeddable":true,"href":"https:\/\/soldebienska.pl\/en\/wp-json\/wp\/v2\/comments?post=9157"}],"version-history":[{"count":14,"href":"https:\/\/soldebienska.pl\/en\/wp-json\/wp\/v2\/pages\/9157\/revisions"}],"predecessor-version":[{"id":9569,"href":"https:\/\/soldebienska.pl\/en\/wp-json\/wp\/v2\/pages\/9157\/revisions\/9569"}],"wp:attachment":[{"href":"https:\/\/soldebienska.pl\/en\/wp-json\/wp\/v2\/media?parent=9157"}],"curies":[{"name":"wp","href":"https:\/\/api.w.org\/{rel}","templated":true}]}}