{"id":9163,"date":"2016-10-28T17:57:14","date_gmt":"2016-10-28T15:57:14","guid":{"rendered":"https:\/\/soldebienska.pl\/general-terms-and-conditions-of-sale\/"},"modified":"2023-11-19T21:56:05","modified_gmt":"2023-11-19T20:56:05","slug":"general-terms-and-conditions-of-sale","status":"publish","type":"page","link":"https:\/\/soldebienska.pl\/en\/general-terms-and-conditions-of-sale\/","title":{"rendered":"General terms and conditions of sale"},"content":{"rendered":"\t\t<div data-elementor-type=\"wp-page\" data-elementor-id=\"9163\" class=\"elementor elementor-9163 elementor-6589\" data-elementor-post-type=\"page\">\n\t\t\t\t<div class=\"elementor-element elementor-element-76c8521 e-flex e-con-boxed sc_inner_width_none sc_layouts_column_icons_position_left e-con e-parent\" data-id=\"76c8521\" data-element_type=\"container\" data-e-type=\"container\">\n\t\t\t\t\t<div class=\"e-con-inner\">\n\t\t\t\t<div class=\"elementor-element elementor-element-70d8808 sc_fly_static elementor-widget elementor-widget-heading\" data-id=\"70d8808\" data-element_type=\"widget\" data-e-type=\"widget\" data-widget_type=\"heading.default\">\n\t\t\t\t<div class=\"elementor-widget-container\">\n\t\t\t\t\t<h2 class=\"elementor-heading-title elementor-size-default\">General terms and conditions of sale<\/h2>\t\t\t\t<\/div>\n\t\t\t\t<\/div>\n\t\t\t\t\t<\/div>\n\t\t\t\t<\/div>\n\t\t<div class=\"elementor-element elementor-element-5e07b91 e-flex e-con-boxed sc_inner_width_none sc_layouts_column_icons_position_left e-con e-parent\" data-id=\"5e07b91\" data-element_type=\"container\" data-e-type=\"container\">\n\t\t\t\t\t<div class=\"e-con-inner\">\n\t\t\t\t<div class=\"elementor-element elementor-element-c6850c0 sc_fly_static elementor-widget elementor-widget-text-editor\" data-id=\"c6850c0\" data-element_type=\"widget\" data-e-type=\"widget\" data-widget_type=\"text-editor.default\">\n\t\t\t\t<div class=\"elementor-widget-container\">\n\t\t\t\t\t\t\t\t\t<div class=\"vc_row wpb_row vc_row-fluid\">\n<div class=\"wpb_column vc_column_container vc_col-sm-12\">\n<div class=\"vc_column-inner\">\n<div class=\"wpb_wrapper\">\n<div id=\"ultimate-heading-6619654f7530a9b16\" class=\"uvc-heading ult-adjust-bottom-margin ultimate-heading-6619654f7530a9b16 uvc-3247 \" data-hspacer=\"no_spacer\" data-halign=\"center\">\n<div class=\"uvc-main-heading ult-responsive\" data-ultimate-target=\".uvc-heading.ultimate-heading-6619654f7530a9b16 h2\" data-responsive-json-new=\"{\"font-size\":\"\",\"line-height\":\"\"}\">\n<h2>I. GENERAL PROVISIONS<\/h2>\n<\/div>\n<\/div>\n<div class=\"wpb_text_column wpb_content_element vc_custom_1506895179124\">\n<div class=\"wpb_wrapper\">\n<ol>\n<li>These Terms and Conditions of Sale (hereinafter referred to as GTS) define the rules for the sale of salt, products made from salt and brine, offered by Przedsi\u0119biorstwo Gospodarki Wodnej i Rekultywacji S.A with its registered office in Jastrz\u0119bie &#8211; Zdr\u00f3j , ul. Chlebowa 22. The GTS apply to all contracts concluded between the Buyer and the Seller after the date of introduction of the GTS by the Seller.<\/li>\n<li>The GTCs are available to the Buyer on the website www.soldebienska.pl<\/li>\n<li>For the purposes of the Agreements, the terms or phrases indicated below that are capitalized in the body of the Agreement shall be given the following meanings by the Parties:<\/li>\n<\/ol>\n<\/div>\n<\/div>\n<\/div>\n<\/div>\n<\/div>\n<\/div>\n<div class=\"vc_row wpb_row vc_row-fluid\">\n<div class=\"wpb_column vc_column_container vc_col-sm-12\">\n<div class=\"vc_column-inner\">\n<div class=\"wpb_wrapper\">\n<div class=\"wpb_text_column wpb_content_element vc_custom_1506895295238\">\n<div class=\"wpb_wrapper\">\n<ol>\n<li><strong>Seller<\/strong> &#8211; Przedsi\u0119biorstwo Gospodarki Wodnej i Rekultywacji S.A with its registered office in Jastrz\u0119bie-Zdr\u00f3j, ul. Chlebowa 22, entered in the Register of Entrepreneurs of the National Court Register by the District Court in Gliwice, Commercial Department X of the National Court Register under the number: 0000082499, NIP: 633-000-51-27, Share capital: PLN 52,411,840, Paid-in capital: PLN 52,411,840.<\/li>\n<li><strong>Buyer<\/strong> &#8211; a legal person, an organizational unit without legal personality or a natural person entering into a contract with the Buyer, following which the ownership of the Products is acquired.<\/li>\n<li><strong>JSW &#8211;<\/strong> Jastrz\u0119bska Sp\u00f3\u0142ka W\u0119glowa S.A.with its registered office in Jastrz\u0119bie &#8211; Zdr\u00f3j, al. Jana Paw\u0142a II 4, entered in the Register of Entrepreneurs of the National Court Register by the District Court in Gliwice, 10th Commercial Division of the National Court Register under the number 0000072093, NIP: 633-000-51-10, share capital: PLN 587,057,980.00, paid-in capital: PLN 587,057,980.00<\/li>\n<li><strong>Payment<\/strong> date &#8211; the date on which the amount due for the goods becomes due.<\/li>\n<li><strong>Product<\/strong> &#8211; means salt, products made from salt or brine, the purchase of which is subject to<\/li>\n<li><strong>Order<\/strong> &#8211; a statement made by the Buyer in writing or in electronic form, for the purpose of acquiring ownership of a Product in the Order Mode.<\/li>\n<li><strong>Contract &#8211;<\/strong> a contract of sale, following which the Buyer acquires ownership of the Product.<\/li>\n<li><strong>Party, Parties<\/strong> &#8211; means the Seller, the Buyer or both parties simultaneously.<\/li>\n<li><strong>Force Majeure &#8211;<\/strong> means an external event that is sudden, unforeseeable and beyond the control of the Parties, which occurs after the conclusion of the Agreement, making it impossible to perform the Agreement in whole or in part, either permanently or for a certain period of time, which cannot be prevented or counteracted with the exercise of due diligence by the Parties. Events such as, but not limited to, the following are considered to meet the prerequisites of Force Majeure. Natural disasters, acts of state power, warfare.<\/li>\n<li><strong>Place of sale &#8211;<\/strong> finished goods warehouse in Czerwionka-Leszczyny at ul. Mlynska 24.<\/li>\n<\/ol>\n<\/div>\n<\/div>\n<\/div>\n<\/div>\n<\/div>\n<\/div>\n<div class=\"vc_row wpb_row vc_row-fluid\">\n<div class=\"wpb_column vc_column_container vc_col-sm-12\">\n<div class=\"vc_column-inner\">\n<div class=\"wpb_wrapper\">\n<div class=\"wpb_text_column wpb_content_element \">\n<div class=\"wpb_wrapper\">\n<ol start=\"4\">\n<li>If the provisions of the GTS conflict with the provisions of the Seller&#8217;s offers or the Agreements concluded by the Parties, the provisions of the offers and the Agreements shall prevail. If, as a result of the above procedure, some provisions of the GTS are declared invalid, other provisions do not lose their validity.<\/li>\n<li>The parties exclude the application of the mode of acceptance of the offer provided for by the regulations of Art. <sup>681<\/sup> and Art. 682 of the Civil<sup>Code <\/sup>.<\/li>\n<li>Sales execution can be carried out in Order Mode or Simplified Mode.<\/li>\n<\/ol>\n<\/div>\n<\/div>\n<div id=\"ultimate-heading-1577654f7530aad74\" class=\"uvc-heading ult-adjust-bottom-margin ultimate-heading-1577654f7530aad74 uvc-1335 \" data-hspacer=\"no_spacer\" data-halign=\"center\">\n<div class=\"uvc-heading-spacer no_spacer\"> <\/div>\n<div class=\"uvc-main-heading ult-responsive\" data-ultimate-target=\".uvc-heading.ultimate-heading-1577654f7530aad74 h2\" data-responsive-json-new=\"{\"font-size\":\"\",\"line-height\":\"\"}\">\n<h2>II. ORDERING PROCEDURE<\/h2>\n<\/div>\n<\/div>\n<\/div>\n<\/div>\n<\/div>\n<\/div>\n<div class=\"vc_row wpb_row vc_row-fluid\">\n<div class=\"wpb_column vc_column_container vc_col-sm-12\">\n<div class=\"vc_column-inner\">\n<div class=\"wpb_wrapper\">\n<div class=\"wpb_text_column wpb_content_element \">\n<div class=\"wpb_wrapper\">\n<ol>\n<li>The basis for the sale of the Product in the Order Mode is the Buyer&#8217;s Order. The order can also be made based on the Seller&#8217;s offer.<\/li>\n<li>For the validity of the conclusion of the Agreement in the Procurement Mode or its amendment, all statements exchanged between the parties in this regard, should be delivered to the other party in writing &#8211; by mail, fax or e-mail. The order should at least include: the name of the ordered goods, the quantity of goods, full details of the Buyer, necessary for proper identification of the Buyer, the expected date of execution of the order, the method, form of payment and place of receipt of goods, information whether the Buyer is an active VAT payer.<\/li>\n<li>The Seller reserves the right to refuse to make a Sale under the following circumstances:<\/li>\n<\/ol>\n<ol>\n<li type=\"a\">The order does not meet the requirements of paragraph II.2 GCS,<\/li>\n<li type=\"a\">The order was placed after the expiration date of the bid,<\/li>\n<li type=\"a\">The order is inconsistent with the offer,<\/li>\n<li type=\"a\">reasons of Force Majeure nature have occurred<\/li>\n<li type=\"a\">Seller does not have Products<\/li>\n<\/ol>\n<ol start=\"4\">\n<li>Collection of Products will take place at the Place of Sale according to a predetermined schedule, which should include the type, quantity of Products and the date of collection.<\/li>\n<li>The schedule referred to in paragraph II.4 The Seller will establish the GCS with the Buyer on the basis of the Order submitted by the Buyer in the form: by telephone, paper or e-mail by the Friday preceding the week,<br \/>In which collection of goods will take place.<\/li>\n<li>In the case of sales in the Order Mode, the Seller reserves the right to demand security for the amount due for the purchased Products in the form established in the Contract or<br \/>Under the terms of the offer submitted by the Seller.<\/li>\n<\/ol>\n<\/div>\n<\/div>\n<div id=\"ultimate-heading-7834654f7530ab4a9\" class=\"uvc-heading ult-adjust-bottom-margin ultimate-heading-7834654f7530ab4a9 uvc-4202 \" data-hspacer=\"no_spacer\" data-halign=\"center\">\n<div class=\"uvc-heading-spacer no_spacer\"> <\/div>\n<div class=\"uvc-main-heading ult-responsive\" data-ultimate-target=\".uvc-heading.ultimate-heading-7834654f7530ab4a9 h2\" data-responsive-json-new=\"{\"font-size\":\"\",\"line-height\":\"\"}\">\n<h2>III. SIMPLIFIED PROCEDURE<\/h2>\n<\/div>\n<\/div>\n<div class=\"wpb_text_column wpb_content_element \">\n<div class=\"wpb_wrapper\">\n<ol>\n<li>The Seller allows the sale of Products without prior Order on the basis of prepayment made or in the case of payment of the price in cash at the Place of Sale with the purchase of Products.<\/li>\n<li>The Seller reserves the right to refuse to make a Sale under the following circumstances:<\/li>\n<\/ol>\n<ol>\n<li type=\"a\">reasons of Force Majeure nature have occurred<\/li>\n<li type=\"a\">Seller does not have Products<\/li>\n<\/ol>\n<ol start=\"3\">\n<li>The Buyer shall prepay the Seller&#8217;s bank account on the basis of a pro forma VAT invoice, delivered to the Buyer via e-mail.<\/li>\n<li>In the case of prepayment, the Buyer is obliged to take delivery of the Products within 30 days, under penalty of return of the prepayment.<\/li>\n<\/ol>\n<\/div>\n<\/div>\n<div id=\"ultimate-heading-1994654f7530ab684\" class=\"uvc-heading ult-adjust-bottom-margin ultimate-heading-1994654f7530ab684 uvc-8388 \" data-hspacer=\"no_spacer\" data-halign=\"center\">\n<div class=\"uvc-heading-spacer no_spacer\"> <\/div>\n<div class=\"uvc-main-heading ult-responsive\" data-ultimate-target=\".uvc-heading.ultimate-heading-1994654f7530ab684 h2\" data-responsive-json-new=\"{\"font-size\":\"\",\"line-height\":\"\"}\">\n<h2>IV. TERMS OF PAYMENT<\/h2>\n<\/div>\n<\/div>\n<div class=\"wpb_text_column wpb_content_element \">\n<div class=\"wpb_wrapper\">\n<ol>\n<li>The Buyer undertakes to pay the price specified in the VAT invoice issued by the Seller, within the period specified therein.<\/li>\n<li>Prices quoted by the Seller are net prices and will be increased by value added tax according to applicable rates.<\/li>\n<li>If the delay of any payment to the Seller exceeds the due date specified in the Contract, the Seller may withhold processing of Orders. The Seller reserves the right to stop the execution of Orders also when the value of the Buyer&#8217;s indebtedness for the collected Products reaches the amount of the security or the level of receivables established in the contract. The seller shall not be liable for any damage resulting from these reasons.<\/li>\n<li>Delay in payment beyond the established deadlines will result in the Buyer being charged statutory interest for delay in commercial transactions, which will accrue from the date the claim is due.<\/li>\n<li>The initiation of a complaint procedure does not relieve the Buyer from the obligation to pay the price for the goods issued.<\/li>\n<\/ol>\n<\/div>\n<\/div>\n<div id=\"ultimate-heading-2086654f7530ab84d\" class=\"uvc-heading ult-adjust-bottom-margin ultimate-heading-2086654f7530ab84d uvc-7725 \" data-hspacer=\"no_spacer\" data-halign=\"center\">\n<div class=\"uvc-heading-spacer no_spacer\"> <\/div>\n<div class=\"uvc-main-heading ult-responsive\" data-ultimate-target=\".uvc-heading.ultimate-heading-2086654f7530ab84d h2\" data-responsive-json-new=\"{\"font-size\":\"\",\"line-height\":\"\"}\">\n<h2>V. ACCEPTANCE, COMPLAINTS<\/h2>\n<\/div>\n<\/div>\n<div class=\"wpb_text_column wpb_content_element \">\n<div class=\"wpb_wrapper\">\n<ol>\n<li>The loading point is located at the Place of Sale<\/li>\n<li>The seller aims to limit the parking of Buyer&#8217;s cars in front of the entrance to the loading point to 1 hour. Drivers have the right to use the Vendor&#8217;s social facilities.<\/li>\n<li>Unless the provisions of the contract stipulate otherwise, the Buyer has an absolute obligation immediately upon receipt of the goods, no later than on the day of delivery, to make a detailed inspection of the compliance of the delivered goods with the order, both in terms of quantity and visible defects. Any objections to the quality of the goods, the Buyer is obliged to report in writing to the Seller within 3 working days from the date of receipt of the product (quantitative complaint) and within 7 working days from the date of receipt of the product (qualitative complaint), under pain of loss of compensation rights. A complaint submitted after the deadline will be tantamount to a rejection of the complaint.<\/li>\n<\/ol>\n<\/div>\n<\/div>\n<div id=\"ultimate-heading-4873654f7530aba19\" class=\"uvc-heading ult-adjust-bottom-margin ultimate-heading-4873654f7530aba19 uvc-9166 \" data-hspacer=\"no_spacer\" data-halign=\"center\">\n<div class=\"uvc-heading-spacer no_spacer\"> <\/div>\n<div class=\"uvc-main-heading ult-responsive\" data-ultimate-target=\".uvc-heading.ultimate-heading-4873654f7530aba19 h2\" data-responsive-json-new=\"{\"font-size\":\"\",\"line-height\":\"\"}\">\n<h2>VI. CONFIDENTIALITY<\/h2>\n<\/div>\n<\/div>\n<div class=\"wpb_text_column wpb_content_element \">\n<div class=\"wpb_wrapper\">\n<ol>\n<li>The Seller and the Buyer undertake to keep confidential, properly secure and not to use any information concerning the performance of the subject matter of the contract, as well as information concerning the other party to the contract and its activities, which came into their possession in connection with the performance of the contract.<\/li>\n<li>The Seller reserves the right to make the information presented in the contract public for the purpose of creating reports provided to the public by the Seller&#8217;s parent object &#8211; JSW &#8211; in connection with the listing of JSW&#8217;s securities on the Warsaw Stock Exchange S.A.<\/li>\n<\/ol>\n<\/div>\n<\/div>\n<div id=\"ultimate-heading-4674654f7530abbd6\" class=\"uvc-heading ult-adjust-bottom-margin ultimate-heading-4674654f7530abbd6 uvc-5691 \" data-hspacer=\"no_spacer\" data-halign=\"center\">\n<div class=\"uvc-heading-spacer no_spacer\"> <\/div>\n<div class=\"uvc-main-heading ult-responsive\" data-ultimate-target=\".uvc-heading.ultimate-heading-4674654f7530abbd6 h2\" data-responsive-json-new=\"{\"font-size\":\"\",\"line-height\":\"\"}\">\n<h2>VII. FINAL PROVISIONS.<\/h2>\n<\/div>\n<\/div>\n<div class=\"wpb_text_column wpb_content_element \">\n<div class=\"wpb_wrapper\">\n<ol>\n<li>The law applicable to the execution of contracts to which the GTS applies is Polish law, and the place of dispute resolution is the common courts with jurisdiction according to the seat of the Seller.<\/li>\n<li>The Buyer&#8217;s assignment of receivables, as well as other rights to which he is entitled under the Contract, is possible only with the prior written consent of the Seller.<\/li>\n<li>The GCS is introduced as of 15.09.2017.<\/li>\n<\/ol>\n<div><a href=\"https:\/\/soldebienska.pl\/wp-content\/uploads\/2017\/10\/ows-pgwir.pdf\">Downloadable version in PDF file<\/a><\/div>\n<\/div>\n<\/div>\n<\/div>\n<\/div>\n<\/div>\n<\/div>\n\t\t\t\t\t\t\t\t<\/div>\n\t\t\t\t<\/div>\n\t\t\t\t\t<\/div>\n\t\t\t\t<\/div>\n\t\t\t\t<\/div>\n\t\t","protected":false},"excerpt":{"rendered":"<p>General terms and conditions of sale I. GENERAL PROVISIONS These Terms and Conditions of Sale (hereinafter referred to as GTS) define the rules for the sale of salt, products made&hellip;<\/p>\n","protected":false},"author":1,"featured_media":0,"parent":0,"menu_order":0,"comment_status":"closed","ping_status":"closed","template":"","meta":{"footnotes":""},"class_list":["post-9163","page","type-page","status-publish","hentry"],"_links":{"self":[{"href":"https:\/\/soldebienska.pl\/en\/wp-json\/wp\/v2\/pages\/9163","targetHints":{"allow":["GET"]}}],"collection":[{"href":"https:\/\/soldebienska.pl\/en\/wp-json\/wp\/v2\/pages"}],"about":[{"href":"https:\/\/soldebienska.pl\/en\/wp-json\/wp\/v2\/types\/page"}],"author":[{"embeddable":true,"href":"https:\/\/soldebienska.pl\/en\/wp-json\/wp\/v2\/users\/1"}],"replies":[{"embeddable":true,"href":"https:\/\/soldebienska.pl\/en\/wp-json\/wp\/v2\/comments?post=9163"}],"version-history":[{"count":3,"href":"https:\/\/soldebienska.pl\/en\/wp-json\/wp\/v2\/pages\/9163\/revisions"}],"predecessor-version":[{"id":9219,"href":"https:\/\/soldebienska.pl\/en\/wp-json\/wp\/v2\/pages\/9163\/revisions\/9219"}],"wp:attachment":[{"href":"https:\/\/soldebienska.pl\/en\/wp-json\/wp\/v2\/media?parent=9163"}],"curies":[{"name":"wp","href":"https:\/\/api.w.org\/{rel}","templated":true}]}}