{"id":9168,"date":"2017-10-20T03:09:51","date_gmt":"2017-10-20T01:09:51","guid":{"rendered":"https:\/\/soldebienska.pl\/iodized-table-salt\/"},"modified":"2025-09-03T12:35:25","modified_gmt":"2025-09-03T10:35:25","slug":"iodized-table-salt","status":"publish","type":"page","link":"https:\/\/soldebienska.pl\/en\/iodized-table-salt\/","title":{"rendered":"Iodized table salt"},"content":{"rendered":"\t\t<div data-elementor-type=\"wp-page\" data-elementor-id=\"9168\" class=\"elementor elementor-9168 elementor-8202\" data-elementor-post-type=\"page\">\n\t\t\t\t<div class=\"elementor-element elementor-element-785e04e e-flex e-con-boxed sc_inner_width_none sc_layouts_column_icons_position_left e-con e-parent\" data-id=\"785e04e\" data-element_type=\"container\" data-e-type=\"container\">\n\t\t\t\t\t<div class=\"e-con-inner\">\n\t\t\t\t<div class=\"elementor-element elementor-element-1f97ce7 sc_fly_static elementor-widget elementor-widget-heading\" data-id=\"1f97ce7\" data-element_type=\"widget\" data-e-type=\"widget\" data-widget_type=\"heading.default\">\n\t\t\t\t<div class=\"elementor-widget-container\">\n\t\t\t\t\t<h1 class=\"elementor-heading-title elementor-size-default\">Iodized food-grade brewed salt<\/h1>\t\t\t\t<\/div>\n\t\t\t\t<\/div>\n\t\t\t\t\t<\/div>\n\t\t\t\t<\/div>\n\t\t<div class=\"elementor-element elementor-element-339b240 e-flex e-con-boxed sc_inner_width_none sc_layouts_column_icons_position_left e-con e-parent\" data-id=\"339b240\" data-element_type=\"container\" data-e-type=\"container\">\n\t\t\t\t\t<div class=\"e-con-inner\">\n\t\t<div class=\"elementor-element elementor-element-55a4ba0 e-con-full e-flex sc_inner_width_none sc_layouts_column_icons_position_left e-con e-child\" data-id=\"55a4ba0\" data-element_type=\"container\" data-e-type=\"container\">\n\t\t\t\t<div class=\"elementor-element elementor-element-c3a3ea6 elementor-widget__width-initial sc_fly_static elementor-widget elementor-widget-text-editor\" data-id=\"c3a3ea6\" data-element_type=\"widget\" data-e-type=\"widget\" data-widget_type=\"text-editor.default\">\n\t\t\t\t<div class=\"elementor-widget-container\">\n\t\t\t\t\t\t\t\t\t<p>Food grade brewed salt enriched with iodine in the production process. It does not contain anti-caking agent. High-quality, certified food product.<br>The technological process of obtaining brewed salt involves thermal concentration of salted waters and crystallization of salt from them.<\/p><p>The raw materials used in the process of making brewed salt are only natural brine and food-grade rock salt.<\/p><p><strong>Trade name:<\/strong> Food grade iodized brewed salt.<br><strong>Trademark:<\/strong> D\u0119bie\u0144ska salt.<br><strong>Chemical name<\/strong>: Sodium chloride.<br><strong>Synonyms of name:<\/strong> Table salt.<br><strong>Chemical formula:<\/strong> NaCl.<br><strong>Molecular weight:<\/strong> 58.44.<br><strong>CAS No<\/strong>.: 7647-14-5.<br><strong>EC No<\/strong>.: 231-598-3.<\/p><p><strong>Product<\/strong>:<\/p><ul><li>does not contain ingredients of animal origin,<\/li><li>Does not contain substances that cause allergies or intolerance reactions,<\/li><li>is not genetically modified,<\/li><li>Is not subjected to ionizing radiation.<\/li><\/ul><p><strong>Packaging<\/strong>:<\/p><ul><li>PE foil package 25 kg,<\/li><li>PP big-bag type packaging 1000 kg.<\/li><\/ul><p>All types of packaging are approved for food contact in accordance with current legislation.<\/p><p>Expiration date: 1 year from the date of manufacture.<\/p>\t\t\t\t\t\t\t\t<\/div>\n\t\t\t\t<\/div>\n\t\t\t\t<\/div>\n\t\t<div class=\"elementor-element elementor-element-6883781 e-con-full e-flex sc_inner_width_none sc_layouts_column_icons_position_left e-con e-child\" data-id=\"6883781\" data-element_type=\"container\" data-e-type=\"container\">\n\t\t\t\t<div class=\"elementor-element elementor-element-e1ac187 sc_fly_static elementor-widget elementor-widget-image\" data-id=\"e1ac187\" data-element_type=\"widget\" data-e-type=\"widget\" data-widget_type=\"image.default\">\n\t\t\t\t<div class=\"elementor-widget-container\">\n\t\t\t\t\t\t\t\t\t\t\t\t\t\t\t<img fetchpriority=\"high\" decoding=\"async\" width=\"1024\" height=\"1024\" src=\"https:\/\/soldebienska.pl\/wp-content\/uploads\/2023\/11\/sol-25-kg-1-1024x1024.jpg\" class=\"attachment-large size-large wp-image-9144\" alt=\"brewed salt 25 kg\" srcset=\"https:\/\/soldebienska.pl\/wp-content\/uploads\/2023\/11\/sol-25-kg-1-1024x1024.jpg 1024w, https:\/\/soldebienska.pl\/wp-content\/uploads\/2023\/11\/sol-25-kg-1-300x300.jpg 300w, https:\/\/soldebienska.pl\/wp-content\/uploads\/2023\/11\/sol-25-kg-1-150x150.jpg 150w, https:\/\/soldebienska.pl\/wp-content\/uploads\/2023\/11\/sol-25-kg-1-768x768.jpg 768w, https:\/\/soldebienska.pl\/wp-content\/uploads\/2023\/11\/sol-25-kg-1-1536x1536.jpg 1536w, https:\/\/soldebienska.pl\/wp-content\/uploads\/2023\/11\/sol-25-kg-1-370x370.jpg 370w, https:\/\/soldebienska.pl\/wp-content\/uploads\/2023\/11\/sol-25-kg-1-120x120.jpg 120w, https:\/\/soldebienska.pl\/wp-content\/uploads\/2023\/11\/sol-25-kg-1-840x840.jpg 840w, https:\/\/soldebienska.pl\/wp-content\/uploads\/2023\/11\/sol-25-kg-1-410x410.jpg 410w, https:\/\/soldebienska.pl\/wp-content\/uploads\/2023\/11\/sol-25-kg-1-1320x1320.jpg 1320w, https:\/\/soldebienska.pl\/wp-content\/uploads\/2023\/11\/sol-25-kg-1-600x600.jpg 600w, https:\/\/soldebienska.pl\/wp-content\/uploads\/2023\/11\/sol-25-kg-1.jpg 2048w\" sizes=\"(max-width: 1024px) 100vw, 1024px\" \/>\t\t\t\t\t\t\t\t\t\t\t\t\t\t\t<\/div>\n\t\t\t\t<\/div>\n\t\t\t\t<div class=\"elementor-element elementor-element-bb9b620 sc_fly_static elementor-widget elementor-widget-heading\" data-id=\"bb9b620\" data-element_type=\"widget\" data-e-type=\"widget\" data-widget_type=\"heading.default\">\n\t\t\t\t<div class=\"elementor-widget-container\">\n\t\t\t\t\t<h3 class=\"elementor-heading-title elementor-size-default\">Downloads<\/h3>\t\t\t\t<\/div>\n\t\t\t\t<\/div>\n\t\t\t\t<div class=\"elementor-element elementor-element-23e8a72 sc_fly_static elementor-widget elementor-widget-text-editor\" data-id=\"23e8a72\" data-element_type=\"widget\" data-e-type=\"widget\" data-widget_type=\"text-editor.default\">\n\t\t\t\t<div class=\"elementor-widget-container\">\n\t\t\t\t\t\t\t\t\t<ul style=\"font-family: 'DM Sans', sans-serif; font-size: 17px; font-weight: 400; font-style: normal;\"><li style=\"font-size: 17px;\"><a style=\"font-size: 17px;\" href=\"https:\/\/soldebienska.pl\/wp-content\/uploads\/2025\/07\/Deklaracja-zgodnosci-nr-2-z-2025-sol-warzona-jodowana.pdf\">Declaration of conformity<\/a><\/li><li style=\"font-size: 17px;\"><a style=\"font-size: 17px;\" href=\"https:\/\/soldebienska.pl\/wp-content\/uploads\/2024\/09\/Specyfikacja-produktu-sol-warzona-spozywcza-jodowana.pdf\">Product specifications<\/a><\/li><li style=\"font-size: 17px;\"><a style=\"font-size: 17px;\" href=\"https:\/\/soldebienska.pl\/wp-content\/uploads\/2024\/09\/Specyfikacja-produktu-sol-warzona-spozywcza-jodowana-analiza-metali-.pdf\">Product specifications &#8211; metals<\/a><\/li><\/ul>\t\t\t\t\t\t\t\t<\/div>\n\t\t\t\t<\/div>\n\t\t\t\t<\/div>\n\t\t\t\t\t<\/div>\n\t\t\t\t<\/div>\n\t\t<div class=\"elementor-element elementor-element-1e077ba6 e-flex e-con-boxed sc_inner_width_none sc_layouts_column_icons_position_left e-con e-parent\" data-id=\"1e077ba6\" data-element_type=\"container\" data-e-type=\"container\" data-settings=\"{&quot;background_background&quot;:&quot;classic&quot;}\">\n\t\t\t\t\t<div class=\"e-con-inner\">\n\t\t\t\t<div class=\"elementor-element elementor-element-61391f69 sc_fly_static elementor-widget elementor-widget-heading\" data-id=\"61391f69\" data-element_type=\"widget\" data-e-type=\"widget\" data-widget_type=\"heading.default\">\n\t\t\t\t<div class=\"elementor-widget-container\">\n\t\t\t\t\t<h3 class=\"elementor-heading-title elementor-size-default\">Order form<\/h3>\t\t\t\t<\/div>\n\t\t\t\t<\/div>\n\t\t\t\t<div class=\"elementor-element elementor-element-777055fe elementor-button-align-start sc_fly_static elementor-widget elementor-widget-form\" data-id=\"777055fe\" data-element_type=\"widget\" data-e-type=\"widget\" data-settings=\"{&quot;step_next_label&quot;:&quot;Next&quot;,&quot;step_previous_label&quot;:&quot;Previous&quot;,&quot;button_width&quot;:&quot;100&quot;,&quot;step_type&quot;:&quot;number_text&quot;,&quot;step_icon_shape&quot;:&quot;circle&quot;}\" data-widget_type=\"form.default\">\n\t\t\t\t<div class=\"elementor-widget-container\">\n\t\t\t\t\t\t\t<form class=\"elementor-form\" method=\"post\" name=\"Order form\" aria-label=\"Order form\">\n\t\t\t<input type=\"hidden\" name=\"post_id\" value=\"9168\"\/>\n\t\t\t<input type=\"hidden\" name=\"form_id\" value=\"777055fe\"\/>\n\t\t\t<input type=\"hidden\" name=\"referer_title\" value=\"Food grade iodized salt - manufacturer of brewed salt S\u00f3l D\u0119bie\u0144ska\" \/>\n\n\t\t\t\t\t\t\t<input type=\"hidden\" name=\"queried_id\" value=\"9168\"\/>\n\t\t\t\n\t\t\t<div class=\"elementor-form-fields-wrapper elementor-labels-above\">\n\t\t\t\t\t\t\t\t<div class=\"elementor-field-type-text elementor-field-group elementor-column elementor-field-group-name elementor-col-33\">\n\t\t\t\t\t\t\t\t\t\t\t\t<label for=\"form-field-name\" class=\"elementor-field-label\">\n\t\t\t\t\t\t\t\tCompany name \/ first and last name\t\t\t\t\t\t\t<\/label>\n\t\t\t\t\t\t\t\t\t\t\t\t\t\t<input size=\"1\" type=\"text\" name=\"form_fields[name]\" id=\"form-field-name\" class=\"elementor-field elementor-size-sm  elementor-field-textual\" placeholder=\"Enter data\">\n\t\t\t\t\t\t\t\t\t\t\t<\/div>\n\t\t\t\t\t\t\t\t<div class=\"elementor-field-type-email elementor-field-group elementor-column elementor-field-group-email elementor-col-33 elementor-field-required elementor-mark-required\">\n\t\t\t\t\t\t\t\t\t\t\t\t<label for=\"form-field-email\" class=\"elementor-field-label\">\n\t\t\t\t\t\t\t\tE-mail address\t\t\t\t\t\t\t<\/label>\n\t\t\t\t\t\t\t\t\t\t\t\t\t\t<input size=\"1\" type=\"email\" name=\"form_fields[email]\" id=\"form-field-email\" class=\"elementor-field elementor-size-sm  elementor-field-textual\" placeholder=\"E-mail\" required=\"required\">\n\t\t\t\t\t\t\t\t\t\t\t<\/div>\n\t\t\t\t\t\t\t\t<div class=\"elementor-field-type-tel elementor-field-group elementor-column elementor-field-group-field_6be01b1 elementor-col-33\">\n\t\t\t\t\t\t\t\t\t\t\t\t<label for=\"form-field-field_6be01b1\" class=\"elementor-field-label\">\n\t\t\t\t\t\t\t\tContact phone\t\t\t\t\t\t\t<\/label>\n\t\t\t\t\t\t\t\t<input size=\"1\" type=\"tel\" name=\"form_fields[field_6be01b1]\" id=\"form-field-field_6be01b1\" class=\"elementor-field elementor-size-sm  elementor-field-textual\" placeholder=\"+48 xxx xxx xx\" pattern=\"[0-9()#&amp;+*-=.]+\" title=\"Only numbers and phone characters (#, -, *, etc) are accepted.\">\n\n\t\t\t\t\t\t<\/div>\n\t\t\t\t\t\t\t\t<div class=\"elementor-field-type-textarea elementor-field-group elementor-column elementor-field-group-message elementor-col-100 elementor-field-required elementor-mark-required\">\n\t\t\t\t\t\t\t\t\t\t\t\t<label for=\"form-field-message\" class=\"elementor-field-label\">\n\t\t\t\t\t\t\t\tMessage\t\t\t\t\t\t\t<\/label>\n\t\t\t\t\t\t<textarea class=\"elementor-field-textual elementor-field  elementor-size-sm\" name=\"form_fields[message]\" id=\"form-field-message\" rows=\"4\" placeholder=\"Message\" required=\"required\"><\/textarea>\t\t\t\t<\/div>\n\t\t\t\t\t\t\t\t<div class=\"elementor-field-type-acceptance elementor-field-group elementor-column elementor-field-group-field_64c34bd elementor-col-100 elementor-field-required elementor-mark-required\">\n\t\t\t\t\t\t\t\t\t\t\t\t<label for=\"form-field-field_64c34bd\" class=\"elementor-field-label\">\n\t\t\t\t\t\t\t\tConsent to data processing\t\t\t\t\t\t\t<\/label>\n\t\t\t\t\t\t\t\t<div class=\"elementor-field-subgroup\">\n\t\t\t<span class=\"elementor-field-option\">\n\t\t\t\t<input type=\"checkbox\" name=\"form_fields[field_64c34bd]\" id=\"form-field-field_64c34bd\" class=\"elementor-field elementor-size-sm  elementor-acceptance-field\" required=\"required\">\n\t\t\t\t<label for=\"form-field-field_64c34bd\">I agree to the processing of the submitted personal data by Przedsi\u0119biorstwo Gospodarki Wodnej i Rekultywacji S.A. for the purpose of handling the submitted inquiry. For details on data protection, see Privacy Policy<\/label>\t\t\t<\/span>\n\t\t<\/div>\n\t\t\t\t\t\t<\/div>\n\t\t\t\t\t\t\t\t<div class=\"elementor-field-group elementor-column elementor-field-type-submit elementor-col-100 e-form__buttons\">\n\t\t\t\t\t<button class=\"elementor-button elementor-size-sm\" type=\"submit\">\n\t\t\t\t\t\t<span class=\"elementor-button-content-wrapper\">\n\t\t\t\t\t\t\t\t\t\t\t\t\t\t\t\t\t\t\t\t\t\t<span class=\"elementor-button-text\">Send<\/span>\n\t\t\t\t\t\t\t\t\t\t\t\t\t<\/span>\n\t\t\t\t\t<\/button>\n\t\t\t\t<\/div>\n\t\t\t<\/div>\n\t\t<\/form>\n\t\t\t\t\t\t<\/div>\n\t\t\t\t<\/div>\n\t\t\t\t<div class=\"elementor-element elementor-element-88ee9a3 sc_fly_static elementor-widget elementor-widget-accordion\" data-id=\"88ee9a3\" data-element_type=\"widget\" data-e-type=\"widget\" data-widget_type=\"accordion.default\">\n\t\t\t\t<div class=\"elementor-widget-container\">\n\t\t\t\t\t\t\t<div class=\"elementor-accordion\">\n\t\t\t\t\t\t\t<div class=\"elementor-accordion-item\">\n\t\t\t\t\t<div id=\"elementor-tab-title-1431\" class=\"elementor-tab-title\" data-tab=\"1\" role=\"button\" aria-controls=\"elementor-tab-content-1431\" aria-expanded=\"false\">\n\t\t\t\t\t\t\t\t\t\t\t\t\t<span class=\"elementor-accordion-icon elementor-accordion-icon-left\" aria-hidden=\"true\">\n\t\t\t\t\t\t\t\t\t\t\t\t\t\t\t<span class=\"elementor-accordion-icon-closed\"><i class=\"fas fa-plus\"><\/i><\/span>\n\t\t\t\t\t\t\t\t<span class=\"elementor-accordion-icon-opened\"><i class=\"fas fa-minus\"><\/i><\/span>\n\t\t\t\t\t\t\t\t\t\t\t\t\t\t<\/span>\n\t\t\t\t\t\t\t\t\t\t\t\t<a class=\"elementor-accordion-title\" tabindex=\"0\">Physicochemical parameters<\/a>\n\t\t\t\t\t<\/div>\n\t\t\t\t\t<div id=\"elementor-tab-content-1431\" class=\"elementor-tab-content elementor-clearfix\" data-tab=\"1\" role=\"region\" aria-labelledby=\"elementor-tab-title-1431\"><p><strong><u>Physical and chemical parameters of the product (guaranteed values):<\/u><\/strong><\/p>\n<ul>\n<li>Appearance: fine crystalline <sup>(1)<\/sup>.<\/li>\n<li>Color: white <sup>(1)<\/sup>.<\/li>\n<li>Odor: no foreign odor <sup>(1)<\/sup>.<\/li>\n<li>Taste: salty, with no extraneous aftertaste <sup>(1)<\/sup>.<\/li>\n<li>Mechanical impurities: none <sup>(1)<\/sup>.<\/li>\n<li>Sodium chloride NaCl (%): \u2265 99.0 on an anhydrous basis <sup>(1)<\/sup>.<\/li>\n<li>Substances insoluble in<sub>H2O<\/sub>(%): \u2264 0,05 <sup>(1)<\/sup>.<\/li>\n<li>Water content at <sup>105oC<\/sup>(%): \u2264 0,5 <sup>(1)<\/sup>.<\/li>\n<li>pH of 1% solution: 5 &#8211; 8 <sup>(1)<\/sup>.<\/li>\n<li>Anticaking agent <sub>K4<\/sub>[Fe(CN<sub>)6<\/sub>]; E536 (mg\/kg): none.<\/li>\n<li>Patas iodate (mg\/kg): 39 \u00b1 13 <sup>(3)<\/sup>.<\/li>\n<\/ul>\n<p><strong><u>Physical and chemical parameters of the product (typical values):<\/u><\/strong><\/p>\n<ul>\n<li>Appearance: fine crystalline <sup>(1)<\/sup>.<\/li>\n<li>Color: white <sup>(1)<\/sup>.<\/li>\n<li>Odor: no foreign odor <sup>(1)<\/sup>.<\/li>\n<li>Taste: salty, with no extraneous aftertaste <sup>(1)<\/sup>.<\/li>\n<li>Mechanical impurities: none <sup>(1)<\/sup>.<\/li>\n<li>Sodium chloride NaCl (%): 99.4 &#8211; 99.7 on an anhydrous basis <sup>(1)<\/sup>.<\/li>\n<li>Substances insoluble in<sub>H2O<\/sub>(%): 0,002 &#8211; 0,01 <sup>(1)<\/sup>.<\/li>\n<li>Water content at <sup>105oC<\/sup>(%): 0,06 &#8211; 0,15 <sup>(1)<\/sup>.<\/li>\n<li>pH of 1% solution: 6,0 &#8211; 7,2 <sup>(1)<\/sup>.<\/li>\n<li>Anticaking agent <sub>K4<\/sub>[Fe(CN<sub>)6<\/sub>]; E536 (mg\/kg): none <sup>(1)<\/sup>.<\/li>\n<li>Patas iodate (mg\/kg): 32 &#8211; 46 <sup>(3)<\/sup>.<\/li>\n<\/ul>\n<p><strong> <\/strong><strong> <\/strong><\/p>\n<p><strong>Requirements in accordance with:<\/strong><\/p>\n<p><sup>(1) <\/sup>Polish Standard PN-C-84081-2:1998 Salt (Sodium Chloride). Table salt.<\/p>\n<p><sup>(2) <\/sup>Codex Alimentarius &#8211; CODEX\/STAN 193-1995.<\/p>\n<p><sup>(3) <\/sup>Regulation of the Minister of Health on enrichment substances added to food (OJ 2010 No. 174 item. 1184)<\/p>\n<p><strong> <\/strong><\/p>\n<p><strong><u>Granulometric composition of guaranteed values:<\/u><\/strong><\/p>\n<ul>\n<li>Grain fraction &gt; 0.63 mm (%): \u2264 5.<\/li>\n<li>Grain fraction 0.2 &#8211; 0.63 mm (%): \u2265 90.<\/li>\n<li>Grain fraction &lt; 0.2 mm (%): \u2264 5.<\/li>\n<\/ul>\n<p><strong><u>Granulometric composition typical values:<\/u><\/strong><\/p>\n<ul>\n<li>Grain fraction &gt; 0.63 mm (%): 0,1 &#8211; 4,0.<\/li>\n<li>Grain fraction 0.2 &#8211; 0.63 mm (%): 90,0 &#8211; 95,0.<\/li>\n<li>Grain fraction &lt; 0.2 mm (%): 0,1 &#8211; 3,0.<\/li>\n<\/ul>\n<\/div>\n\t\t\t\t<\/div>\n\t\t\t\t\t\t\t\t<\/div>\n\t\t\t\t\t\t<\/div>\n\t\t\t\t<\/div>\n\t\t\t\t\t<\/div>\n\t\t\t\t<\/div>\n\t\t\t\t<\/div>\n\t\t","protected":false},"excerpt":{"rendered":"<p>Iodized food-grade brewed salt Food grade brewed salt enriched with iodine in the production process. It does not contain anti-caking agent. High-quality, certified food product.The technological process of obtaining brewed&hellip;<\/p>\n","protected":false},"author":1,"featured_media":0,"parent":0,"menu_order":0,"comment_status":"closed","ping_status":"closed","template":"","meta":{"footnotes":""},"class_list":["post-9168","page","type-page","status-publish","hentry"],"_links":{"self":[{"href":"https:\/\/soldebienska.pl\/en\/wp-json\/wp\/v2\/pages\/9168","targetHints":{"allow":["GET"]}}],"collection":[{"href":"https:\/\/soldebienska.pl\/en\/wp-json\/wp\/v2\/pages"}],"about":[{"href":"https:\/\/soldebienska.pl\/en\/wp-json\/wp\/v2\/types\/page"}],"author":[{"embeddable":true,"href":"https:\/\/soldebienska.pl\/en\/wp-json\/wp\/v2\/users\/1"}],"replies":[{"embeddable":true,"href":"https:\/\/soldebienska.pl\/en\/wp-json\/wp\/v2\/comments?post=9168"}],"version-history":[{"count":6,"href":"https:\/\/soldebienska.pl\/en\/wp-json\/wp\/v2\/pages\/9168\/revisions"}],"predecessor-version":[{"id":9662,"href":"https:\/\/soldebienska.pl\/en\/wp-json\/wp\/v2\/pages\/9168\/revisions\/9662"}],"wp:attachment":[{"href":"https:\/\/soldebienska.pl\/en\/wp-json\/wp\/v2\/media?parent=9168"}],"curies":[{"name":"wp","href":"https:\/\/api.w.org\/{rel}","templated":true}]}}