{"id":9181,"date":"2017-10-20T02:36:45","date_gmt":"2017-10-20T00:36:45","guid":{"rendered":"https:\/\/soldebienska.pl\/food-grade-brewed-salt\/"},"modified":"2023-11-23T15:45:06","modified_gmt":"2023-11-23T14:45:06","slug":"food-grade-brewed-salt","status":"publish","type":"page","link":"https:\/\/soldebienska.pl\/en\/food-grade-brewed-salt\/","title":{"rendered":"Food grade brewed salt"},"content":{"rendered":"\t\t<div data-elementor-type=\"wp-page\" data-elementor-id=\"9181\" class=\"elementor elementor-9181 elementor-8190\" data-elementor-post-type=\"page\">\n\t\t\t\t<div class=\"elementor-element elementor-element-1d83b8c e-flex e-con-boxed sc_inner_width_none sc_layouts_column_icons_position_left e-con e-parent\" data-id=\"1d83b8c\" data-element_type=\"container\" data-e-type=\"container\">\n\t\t\t\t\t<div class=\"e-con-inner\">\n\t\t\t\t<div class=\"elementor-element elementor-element-c29b1e9 sc_fly_static elementor-widget elementor-widget-heading\" data-id=\"c29b1e9\" data-element_type=\"widget\" data-e-type=\"widget\" data-widget_type=\"heading.default\">\n\t\t\t\t<div class=\"elementor-widget-container\">\n\t\t\t\t\t<h1 class=\"elementor-heading-title elementor-size-default\">Food grade brewed salt without anti-caking agent<\/h1>\t\t\t\t<\/div>\n\t\t\t\t<\/div>\n\t\t\t\t\t<\/div>\n\t\t\t\t<\/div>\n\t\t<div class=\"elementor-element elementor-element-84868ba e-flex e-con-boxed sc_inner_width_none sc_layouts_column_icons_position_left e-con e-parent\" data-id=\"84868ba\" data-element_type=\"container\" data-e-type=\"container\">\n\t\t\t\t\t<div class=\"e-con-inner\">\n\t\t<div class=\"elementor-element elementor-element-78a9887 e-con-full e-flex sc_inner_width_none sc_layouts_column_icons_position_left e-con e-child\" data-id=\"78a9887\" data-element_type=\"container\" data-e-type=\"container\">\n\t\t\t\t<div class=\"elementor-element elementor-element-10bb026 elementor-widget__width-initial sc_fly_static elementor-widget elementor-widget-text-editor\" data-id=\"10bb026\" data-element_type=\"widget\" data-e-type=\"widget\" data-widget_type=\"text-editor.default\">\n\t\t\t\t<div class=\"elementor-widget-container\">\n\t\t\t\t\t\t\t\t\t<p><strong>High-quality, approved product designed for customers in the food industry.<\/strong>  Available in 25 kg, 50 kg and 1000 kg packages.  <br \/>The technological process of obtaining brewed salt involves thermal concentration of salted waters and crystallization of salt from them. The raw material used in the salt extraction process is only natural brine and food-grade rock salt.<\/p>\n<p><strong>Trade name:<\/strong> Food grade brewed salt without anti-caking agent.<br \/><strong>Trademark<\/strong>: S\u00f3l D\u0119bie\u0144ska.<br \/><strong>Chemical name:<\/strong> Sodium chloride.<br \/><strong>Synonyms for the name:<\/strong> Table salt.<br \/><strong>Chemical formula:<\/strong> NaCl.<br \/><strong>Molecular weight:<\/strong> 58.44.<br \/><strong>CAS No.:<\/strong> 7647-14-5.<br \/><strong>EC No.:<\/strong> 231-598-3.<\/p>\n<p><strong>Product<\/strong>:<\/p>\n<ul>\n<li>does not contain ingredients of animal origin,<\/li>\n<li>Does not contain substances that cause allergies or intolerance reactions,<\/li>\n<li>is not genetically modified,<\/li>\n<li>Is not subjected to ionizing radiation.<\/li>\n<\/ul>\n<p><strong>Packaging<\/strong>:<\/p>\n<ul>\n<li>1kg package<\/li>\n<li>PE foil package 25 kg,<\/li>\n<li>PP big-bag type packaging 1000 kg.<\/li>\n<\/ul>\n<p>All types of packaging are approved for food contact in accordance with current legislation.<\/p>\n<p>Expiration date: not specified.<\/p>\n\t\t\t\t\t\t\t\t<\/div>\n\t\t\t\t<\/div>\n\t\t\t\t<\/div>\n\t\t<div class=\"elementor-element elementor-element-6e929d2 e-con-full e-flex sc_inner_width_none sc_layouts_column_icons_position_left e-con e-child\" data-id=\"6e929d2\" data-element_type=\"container\" data-e-type=\"container\">\n\t\t\t\t<div class=\"elementor-element elementor-element-a0f1d30 sc_fly_static elementor-widget elementor-widget-image\" data-id=\"a0f1d30\" data-element_type=\"widget\" data-e-type=\"widget\" data-widget_type=\"image.default\">\n\t\t\t\t<div class=\"elementor-widget-container\">\n\t\t\t\t\t\t\t\t\t\t\t\t\t\t\t<img fetchpriority=\"high\" decoding=\"async\" width=\"768\" height=\"768\" src=\"https:\/\/soldebienska.pl\/wp-content\/uploads\/2023\/11\/sol-25-kg-przezroczyste-1024-768x768.png\" class=\"attachment-medium_large size-medium_large wp-image-9145\" alt=\"\" srcset=\"https:\/\/soldebienska.pl\/wp-content\/uploads\/2023\/11\/sol-25-kg-przezroczyste-1024-768x768.png 768w, https:\/\/soldebienska.pl\/wp-content\/uploads\/2023\/11\/sol-25-kg-przezroczyste-1024-300x300.png 300w, https:\/\/soldebienska.pl\/wp-content\/uploads\/2023\/11\/sol-25-kg-przezroczyste-1024-150x150.png 150w, https:\/\/soldebienska.pl\/wp-content\/uploads\/2023\/11\/sol-25-kg-przezroczyste-1024-370x370.png 370w, https:\/\/soldebienska.pl\/wp-content\/uploads\/2023\/11\/sol-25-kg-przezroczyste-1024-120x120.png 120w, https:\/\/soldebienska.pl\/wp-content\/uploads\/2023\/11\/sol-25-kg-przezroczyste-1024-840x840.png 840w, https:\/\/soldebienska.pl\/wp-content\/uploads\/2023\/11\/sol-25-kg-przezroczyste-1024-410x410.png 410w, https:\/\/soldebienska.pl\/wp-content\/uploads\/2023\/11\/sol-25-kg-przezroczyste-1024-600x600.png 600w, https:\/\/soldebienska.pl\/wp-content\/uploads\/2023\/11\/sol-25-kg-przezroczyste-1024.png 1024w\" sizes=\"(max-width: 768px) 100vw, 768px\" \/>\t\t\t\t\t\t\t\t\t\t\t\t\t\t\t<\/div>\n\t\t\t\t<\/div>\n\t\t\t\t<div class=\"elementor-element elementor-element-4e2018f sc_fly_static elementor-widget elementor-widget-heading\" data-id=\"4e2018f\" data-element_type=\"widget\" data-e-type=\"widget\" data-widget_type=\"heading.default\">\n\t\t\t\t<div class=\"elementor-widget-container\">\n\t\t\t\t\t<h3 class=\"elementor-heading-title elementor-size-default\">Downloads<\/h3>\t\t\t\t<\/div>\n\t\t\t\t<\/div>\n\t\t\t\t<div class=\"elementor-element elementor-element-a68186e sc_fly_static elementor-widget elementor-widget-text-editor\" data-id=\"a68186e\" data-element_type=\"widget\" data-e-type=\"widget\" data-widget_type=\"text-editor.default\">\n\t\t\t\t<div class=\"elementor-widget-container\">\n\t\t\t\t\t\t\t\t\t<ul>\n<li><a href=\"https:\/\/soldebienska.pl\/wp-content\/uploads\/2023\/09\/deklaracja-zgodnosci-sol-warzona-spozywcza-bez-substancji-przeciwzbrylajacej.pdf\">Declaration of conformity<\/a><\/li>\n<li><a href=\"https:\/\/soldebienska.pl\/wp-content\/uploads\/2022\/02\/S%C3%B3l-spo%C5%BCywcza-warzona-bez-substancji-przeciwzbrylaj%C4%85cej.pdf\">Product specifications<\/a><\/li>\n<li><a href=\"https:\/\/soldebienska.pl\/wp-content\/uploads\/2022\/02\/S%C3%B3l-spo%C5%BCywcza-warzona-bez-substancji-przeciwzbrylaj%C4%85cej-metale.pdf\">Product specifications &#8211; metals<\/a><\/li>\n<li><a href=\"https:\/\/soldebienska.pl\/wp-content\/uploads\/2023\/03\/Aktualna-karta-charakterystyki-s%C3%B3l-warzona-spo%C5%BCywcza-produkcji-PGWiR.pdf\">Safety Data Sheet<\/a><\/li>\n<li><a href=\"https:\/\/soldebienska.pl\/wp-content\/uploads\/2021\/07\/Oswiadczenie-Koszer-2021.pdf\">Kosher statement<\/a><\/li>\n<li><a href=\"https:\/\/soldebienska.pl\/wp-content\/uploads\/2022\/05\/specyfikacja-en.pdf\">Product specifications &#8211; English<\/a><\/li>\n<li><a href=\"https:\/\/soldebienska.pl\/wp-content\/uploads\/2022\/05\/specyfikacja-ua.zip\">Product specifications &#8211; Ukrainian language<\/a><\/li>\n<li><a href=\"https:\/\/soldebienska.pl\/wp-content\/uploads\/2023\/11\/specyfika-produktu-sol-spozywcza-francuski.pdf\">Product specifications &#8211; French language<\/a><\/li>\n<\/ul>\n\t\t\t\t\t\t\t\t<\/div>\n\t\t\t\t<\/div>\n\t\t\t\t<\/div>\n\t\t\t\t\t<\/div>\n\t\t\t\t<\/div>\n\t\t<div class=\"elementor-element elementor-element-6784d5e e-flex e-con-boxed sc_inner_width_none sc_layouts_column_icons_position_left e-con e-parent\" data-id=\"6784d5e\" data-element_type=\"container\" data-e-type=\"container\" data-settings=\"{&quot;background_background&quot;:&quot;classic&quot;}\">\n\t\t\t\t\t<div class=\"e-con-inner\">\n\t\t\t\t<div class=\"elementor-element elementor-element-fc7f4e2 sc_fly_static elementor-widget elementor-widget-heading\" data-id=\"fc7f4e2\" data-element_type=\"widget\" data-e-type=\"widget\" data-widget_type=\"heading.default\">\n\t\t\t\t<div class=\"elementor-widget-container\">\n\t\t\t\t\t<h3 class=\"elementor-heading-title elementor-size-default\">Order form<\/h3>\t\t\t\t<\/div>\n\t\t\t\t<\/div>\n\t\t\t\t<div class=\"elementor-element elementor-element-1982069 elementor-button-align-start sc_fly_static elementor-widget elementor-widget-form\" data-id=\"1982069\" data-element_type=\"widget\" data-e-type=\"widget\" data-settings=\"{&quot;step_next_label&quot;:&quot;Next&quot;,&quot;step_previous_label&quot;:&quot;Previous&quot;,&quot;button_width&quot;:&quot;100&quot;,&quot;step_type&quot;:&quot;number_text&quot;,&quot;step_icon_shape&quot;:&quot;circle&quot;}\" data-widget_type=\"form.default\">\n\t\t\t\t<div class=\"elementor-widget-container\">\n\t\t\t\t\t\t\t<form class=\"elementor-form\" method=\"post\" name=\"Order form\" aria-label=\"Order form\">\n\t\t\t<input type=\"hidden\" name=\"post_id\" value=\"9181\"\/>\n\t\t\t<input type=\"hidden\" name=\"form_id\" value=\"1982069\"\/>\n\t\t\t<input type=\"hidden\" name=\"referer_title\" value=\"Food-grade brewed salt - manufacturer - S\u00f3l D\u0119bie\u0144ska\" \/>\n\n\t\t\t\t\t\t\t<input type=\"hidden\" name=\"queried_id\" value=\"9181\"\/>\n\t\t\t\n\t\t\t<div class=\"elementor-form-fields-wrapper elementor-labels-above\">\n\t\t\t\t\t\t\t\t<div class=\"elementor-field-type-text elementor-field-group elementor-column elementor-field-group-name elementor-col-33\">\n\t\t\t\t\t\t\t\t\t\t\t\t<label for=\"form-field-name\" class=\"elementor-field-label\">\n\t\t\t\t\t\t\t\tCompany name \/ first and last name\t\t\t\t\t\t\t<\/label>\n\t\t\t\t\t\t\t\t\t\t\t\t\t\t<input size=\"1\" type=\"text\" name=\"form_fields[name]\" id=\"form-field-name\" class=\"elementor-field elementor-size-sm  elementor-field-textual\" placeholder=\"Enter data\">\n\t\t\t\t\t\t\t\t\t\t\t<\/div>\n\t\t\t\t\t\t\t\t<div class=\"elementor-field-type-email elementor-field-group elementor-column elementor-field-group-email elementor-col-33 elementor-field-required elementor-mark-required\">\n\t\t\t\t\t\t\t\t\t\t\t\t<label for=\"form-field-email\" class=\"elementor-field-label\">\n\t\t\t\t\t\t\t\tE-mail address\t\t\t\t\t\t\t<\/label>\n\t\t\t\t\t\t\t\t\t\t\t\t\t\t<input size=\"1\" type=\"email\" name=\"form_fields[email]\" id=\"form-field-email\" class=\"elementor-field elementor-size-sm  elementor-field-textual\" placeholder=\"E-mail\" required=\"required\">\n\t\t\t\t\t\t\t\t\t\t\t<\/div>\n\t\t\t\t\t\t\t\t<div class=\"elementor-field-type-tel elementor-field-group elementor-column elementor-field-group-field_6be01b1 elementor-col-33\">\n\t\t\t\t\t\t\t\t\t\t\t\t<label for=\"form-field-field_6be01b1\" class=\"elementor-field-label\">\n\t\t\t\t\t\t\t\tContact phone\t\t\t\t\t\t\t<\/label>\n\t\t\t\t\t\t\t\t<input size=\"1\" type=\"tel\" name=\"form_fields[field_6be01b1]\" id=\"form-field-field_6be01b1\" class=\"elementor-field elementor-size-sm  elementor-field-textual\" placeholder=\"+48 xxx xxx xx\" pattern=\"[0-9()#&amp;+*-=.]+\" title=\"Only numbers and phone characters (#, -, *, etc) are accepted.\">\n\n\t\t\t\t\t\t<\/div>\n\t\t\t\t\t\t\t\t<div class=\"elementor-field-type-textarea elementor-field-group elementor-column elementor-field-group-message elementor-col-100 elementor-field-required elementor-mark-required\">\n\t\t\t\t\t\t\t\t\t\t\t\t<label for=\"form-field-message\" class=\"elementor-field-label\">\n\t\t\t\t\t\t\t\tMessage\t\t\t\t\t\t\t<\/label>\n\t\t\t\t\t\t<textarea class=\"elementor-field-textual elementor-field  elementor-size-sm\" name=\"form_fields[message]\" id=\"form-field-message\" rows=\"4\" placeholder=\"Message\" required=\"required\"><\/textarea>\t\t\t\t<\/div>\n\t\t\t\t\t\t\t\t<div class=\"elementor-field-type-acceptance elementor-field-group elementor-column elementor-field-group-field_64c34bd elementor-col-100 elementor-field-required elementor-mark-required\">\n\t\t\t\t\t\t\t\t\t\t\t\t<label for=\"form-field-field_64c34bd\" class=\"elementor-field-label\">\n\t\t\t\t\t\t\t\tConsent to data processing\t\t\t\t\t\t\t<\/label>\n\t\t\t\t\t\t\t\t<div class=\"elementor-field-subgroup\">\n\t\t\t<span class=\"elementor-field-option\">\n\t\t\t\t<input type=\"checkbox\" name=\"form_fields[field_64c34bd]\" id=\"form-field-field_64c34bd\" class=\"elementor-field elementor-size-sm  elementor-acceptance-field\" required=\"required\">\n\t\t\t\t<label for=\"form-field-field_64c34bd\">I agree to the processing of the submitted personal data by Przedsi\u0119biorstwo Gospodarki Wodnej i Rekultywacji S.A. for the purpose of handling the submitted inquiry. For details on data protection, see Privacy Policy<\/label>\t\t\t<\/span>\n\t\t<\/div>\n\t\t\t\t\t\t<\/div>\n\t\t\t\t\t\t\t\t<div class=\"elementor-field-group elementor-column elementor-field-type-submit elementor-col-100 e-form__buttons\">\n\t\t\t\t\t<button class=\"elementor-button elementor-size-sm\" type=\"submit\">\n\t\t\t\t\t\t<span class=\"elementor-button-content-wrapper\">\n\t\t\t\t\t\t\t\t\t\t\t\t\t\t\t\t\t\t\t\t\t\t<span class=\"elementor-button-text\">Send<\/span>\n\t\t\t\t\t\t\t\t\t\t\t\t\t<\/span>\n\t\t\t\t\t<\/button>\n\t\t\t\t<\/div>\n\t\t\t<\/div>\n\t\t<\/form>\n\t\t\t\t\t\t<\/div>\n\t\t\t\t<\/div>\n\t\t\t\t\t<\/div>\n\t\t\t\t<\/div>\n\t\t<div class=\"elementor-element elementor-element-b01dd0f e-flex e-con-boxed sc_inner_width_none sc_layouts_column_icons_position_left e-con e-parent\" data-id=\"b01dd0f\" data-element_type=\"container\" data-e-type=\"container\">\n\t\t\t\t\t<div class=\"e-con-inner\">\n\t\t\t\t<div class=\"elementor-element elementor-element-03c7f9d sc_fly_static elementor-widget elementor-widget-accordion\" data-id=\"03c7f9d\" data-element_type=\"widget\" data-e-type=\"widget\" data-widget_type=\"accordion.default\">\n\t\t\t\t<div class=\"elementor-widget-container\">\n\t\t\t\t\t\t\t<div class=\"elementor-accordion\">\n\t\t\t\t\t\t\t<div class=\"elementor-accordion-item\">\n\t\t\t\t\t<div id=\"elementor-tab-title-3961\" class=\"elementor-tab-title\" data-tab=\"1\" role=\"button\" aria-controls=\"elementor-tab-content-3961\" aria-expanded=\"false\">\n\t\t\t\t\t\t\t\t\t\t\t\t\t<span class=\"elementor-accordion-icon elementor-accordion-icon-left\" aria-hidden=\"true\">\n\t\t\t\t\t\t\t\t\t\t\t\t\t\t\t<span class=\"elementor-accordion-icon-closed\"><i class=\"fas fa-plus\"><\/i><\/span>\n\t\t\t\t\t\t\t\t<span class=\"elementor-accordion-icon-opened\"><i class=\"fas fa-minus\"><\/i><\/span>\n\t\t\t\t\t\t\t\t\t\t\t\t\t\t<\/span>\n\t\t\t\t\t\t\t\t\t\t\t\t<a class=\"elementor-accordion-title\" tabindex=\"0\">Physicochemical parameters<\/a>\n\t\t\t\t\t<\/div>\n\t\t\t\t\t<div id=\"elementor-tab-content-3961\" class=\"elementor-tab-content elementor-clearfix\" data-tab=\"1\" role=\"region\" aria-labelledby=\"elementor-tab-title-3961\"><p><strong><u>Physical and chemical parameters of the product (guaranteed values):<\/u><\/strong><\/p>\n<ul>\n<li>Appearance: fine crystalline <sup>(1)<\/sup>.<\/li>\n<li>Color: white <sup>(1)<\/sup>.<\/li>\n<li>Odor: no foreign odor <sup>(1)<\/sup>.<\/li>\n<li>Taste: salty, with no extraneous aftertaste <sup>(1)<\/sup>.<\/li>\n<li>Mechanical impurities: none <sup>(1)<\/sup>.<\/li>\n<li>Sodium chloride NaCl (%): \u2265 99.0 on an anhydrous basis <sup>(1)<\/sup>.<\/li>\n<li>Substances insoluble in<sub>H2O<\/sub>(%): \u2264 0,05 <sup>(1)<\/sup>.<\/li>\n<li>Water content at <sup>105oC<\/sup>(%): \u2264 0,5 <sup>(1)<\/sup>.<\/li>\n<li>pH of 1% solution: 5 &#8211; 8 <sup>(1)<\/sup>.<\/li>\n<li>Anticaking agent <sub>K4<\/sub>[Fe(CN<sub>)6<\/sub>]; E536 (mg\/kg): none.<\/li>\n<\/ul>\n<p><strong><u>Physical and chemical parameters of the product (typical values):<\/u><\/strong><\/p>\n<ul>\n<li>Appearance: fine crystalline <sup>(1)<\/sup>.<\/li>\n<li>Color: white <sup>(1)<\/sup>.<\/li>\n<li>Odor: no foreign odor <sup>(1)<\/sup>.<\/li>\n<li>Taste: salty, with no extraneous aftertaste <sup>(1)<\/sup>.<\/li>\n<li>Mechanical impurities: none <sup>(1)<\/sup>.<\/li>\n<li>Sodium chloride NaCl (%): 99.4 &#8211; 99.7 on an anhydrous basis <sup>(1)<\/sup>.<\/li>\n<li>Substances insoluble in<sub>H2O<\/sub>(%): 0,002 &#8211; 0,01 <sup>(1)<\/sup>.<\/li>\n<li>Water content at <sup>105oC<\/sup>(%): 0,06 &#8211; 0,15 <sup>(1)<\/sup>.<\/li>\n<li>pH of 1% solution: 6,0 &#8211; 7,2 <sup>(1)<\/sup>.<\/li>\n<li>Anticaking agent <sub>K4<\/sub>[Fe(CN<sub>)6<\/sub>]; E536 (mg\/kg): none.<\/li>\n<\/ul>\n<p><strong>Requirements in accordance with:<\/strong><\/p>\n<p><sup>(1) <\/sup>Polish Standard PN-C-84081-2:1998 Salt (Sodium Chloride). Table salt.<\/p>\n<p><sup>(2) <\/sup>Codex Alimentarius &#8211; CODEX\/STAN 193-1995.<\/p>\n<p><strong> <\/strong><\/p>\n<p><strong><u>Granulometric composition of guaranteed values:<\/u><\/strong><\/p>\n<ul>\n<li>Grain fraction &gt; 0.63 mm (%): \u2264 5.<\/li>\n<li>Grain fraction 0.2 &#8211; 0.63 mm (%): \u2265 90.<\/li>\n<li>Grain fraction &lt; 0.2 mm (%): \u2264 5.<\/li>\n<\/ul>\n<p><strong><u>Granulometric composition typical values:<\/u><\/strong><\/p>\n<ul>\n<li>Grain fraction &gt; 0.63 mm (%): 0,1 &#8211; 4,0.<\/li>\n<li>Grain fraction 0.2 &#8211; 0.63 mm (%): 90,0 &#8211; 95,0.<\/li>\n<li>Grain fraction &lt; 0.2 mm (%): 0,1 &#8211; 3,0.<\/li>\n<\/ul>\n<\/div>\n\t\t\t\t<\/div>\n\t\t\t\t\t\t\t\t<\/div>\n\t\t\t\t\t\t<\/div>\n\t\t\t\t<\/div>\n\t\t\t\t\t<\/div>\n\t\t\t\t<\/div>\n\t\t\t\t<\/div>\n\t\t","protected":false},"excerpt":{"rendered":"<p>Food grade brewed salt without anti-caking agent High-quality, approved product designed for customers in the food industry. Available in 25 kg, 50 kg and 1000 kg packages. The technological process&hellip;<\/p>\n","protected":false},"author":1,"featured_media":0,"parent":0,"menu_order":0,"comment_status":"closed","ping_status":"closed","template":"","meta":{"footnotes":""},"class_list":["post-9181","page","type-page","status-publish","hentry"],"_links":{"self":[{"href":"https:\/\/soldebienska.pl\/en\/wp-json\/wp\/v2\/pages\/9181","targetHints":{"allow":["GET"]}}],"collection":[{"href":"https:\/\/soldebienska.pl\/en\/wp-json\/wp\/v2\/pages"}],"about":[{"href":"https:\/\/soldebienska.pl\/en\/wp-json\/wp\/v2\/types\/page"}],"author":[{"embeddable":true,"href":"https:\/\/soldebienska.pl\/en\/wp-json\/wp\/v2\/users\/1"}],"replies":[{"embeddable":true,"href":"https:\/\/soldebienska.pl\/en\/wp-json\/wp\/v2\/comments?post=9181"}],"version-history":[{"count":7,"href":"https:\/\/soldebienska.pl\/en\/wp-json\/wp\/v2\/pages\/9181\/revisions"}],"predecessor-version":[{"id":9283,"href":"https:\/\/soldebienska.pl\/en\/wp-json\/wp\/v2\/pages\/9181\/revisions\/9283"}],"wp:attachment":[{"href":"https:\/\/soldebienska.pl\/en\/wp-json\/wp\/v2\/media?parent=9181"}],"curies":[{"name":"wp","href":"https:\/\/api.w.org\/{rel}","templated":true}]}}